{"id":1170,"date":"2022-06-14T10:45:12","date_gmt":"2022-06-14T08:45:12","guid":{"rendered":"https:\/\/cpellago.educacion.navarra.es\/web\/?page_id=1170"},"modified":"2022-06-14T10:57:54","modified_gmt":"2022-06-14T08:57:54","slug":"viaje-a-jaca-6o-primaria","status":"publish","type":"page","link":"https:\/\/cpellago.educacion.navarra.es\/web\/viaje-a-jaca-6o-primaria\/","title":{"rendered":"Viaje a Jaca 6\u00ba primaria"},"content":{"rendered":"\n<p>Experiencia inolvidable la que pudieron vivir los chicos y chicas de sexto de primaria durante tres d\u00edas en la provincia de Huesca. Pudieron hacer el descenso <a href=\"https:\/\/www.youtube.com\/watch?v=nS0ZXQ8Voxk\">del ca\u00f1\u00f3n de Gorgol<\/a>, orientarse con una gymkana en las faldas de la pe\u00f1a Oroel, descender el r\u00edo G\u00e1llego en balsa neum\u00e1tica y hacer senderismo hasta la cima de 1800 metros de la <a href=\"https:\/\/www.jaca.com\/oroel.php\">Pe\u00f1a Oroel.<\/a> <\/p>\n\n\n\n<p><a href=\"https:\/\/drive.google.com\/file\/d\/1roaZNUUVQ6pe02AoGgArp95PlYuKhXXb\/view?usp=sharing\">VER FOTO DE GRUPO<\/a><\/p>\n\n\n\n<p>No olvidar\u00e1n este viaje ni nosotros a estos dos grupos de chicos y chicas tan maravillosos. <\/p>\n","protected":false},"excerpt":{"rendered":"<p>Experiencia inolvidable la que pudieron vivir los chicos y chicas de sexto de primaria durante tres d\u00edas en la provincia de Huesca. Pudieron hacer el descenso del ca\u00f1\u00f3n de Gorgol, orientarse con una gymkana en las faldas de la pe\u00f1a Oroel, descender el r\u00edo G\u00e1llego en balsa neum\u00e1tica y hacer senderismo hasta la cima de [&hellip;]<\/p>\n","protected":false},"author":1,"featured_media":1175,"parent":0,"menu_order":0,"comment_status":"closed","ping_status":"closed","template":"","meta":{"_genesis_hide_title":false,"_genesis_hide_breadcrumbs":false,"_genesis_hide_singular_image":false,"_genesis_hide_footer_widgets":false,"_genesis_custom_body_class":"","_genesis_custom_post_class":"","_genesis_layout":""},"_links":{"self":[{"href":"https:\/\/cpellago.educacion.navarra.es\/web\/wp-json\/wp\/v2\/pages\/1170"}],"collection":[{"href":"https:\/\/cpellago.educacion.navarra.es\/web\/wp-json\/wp\/v2\/pages"}],"about":[{"href":"https:\/\/cpellago.educacion.navarra.es\/web\/wp-json\/wp\/v2\/types\/page"}],"author":[{"embeddable":true,"href":"https:\/\/cpellago.educacion.navarra.es\/web\/wp-json\/wp\/v2\/users\/1"}],"replies":[{"embeddable":true,"href":"https:\/\/cpellago.educacion.navarra.es\/web\/wp-json\/wp\/v2\/comments?post=1170"}],"version-history":[{"count":2,"href":"https:\/\/cpellago.educacion.navarra.es\/web\/wp-json\/wp\/v2\/pages\/1170\/revisions"}],"predecessor-version":[{"id":1177,"href":"https:\/\/cpellago.educacion.navarra.es\/web\/wp-json\/wp\/v2\/pages\/1170\/revisions\/1177"}],"wp:featuredmedia":[{"embeddable":true,"href":"https:\/\/cpellago.educacion.navarra.es\/web\/wp-json\/wp\/v2\/media\/1175"}],"wp:attachment":[{"href":"https:\/\/cpellago.educacion.navarra.es\/web\/wp-json\/wp\/v2\/media?parent=1170"}],"curies":[{"name":"wp","href":"https:\/\/api.w.org\/{rel}","templated":true}]}}