{"id":495,"date":"2019-05-09T12:39:42","date_gmt":"2019-05-09T10:39:42","guid":{"rendered":"https:\/\/cpellago.educacion.navarra.es\/web\/?page_id=495"},"modified":"2019-05-09T12:39:43","modified_gmt":"2019-05-09T10:39:43","slug":"mar-benegas-visita-nuestro-centro","status":"publish","type":"page","link":"https:\/\/cpellago.educacion.navarra.es\/web\/mar-benegas-visita-nuestro-centro\/","title":{"rendered":"Mar Benegas visita nuestro centro"},"content":{"rendered":"\n<p>El pasado 9 de mayo Mar Benegas visit\u00f3 nuestro colegio y present\u00f3 su obra al alumnado de 2\u00ba y 3\u00ba de primaria.   <br>Mar es escritora y poeta. Especialista en Literatura Infantil y Juvenil y Poes\u00eda Infantil. Adem\u00e1s de un gran cat\u00e1logo de obras publicadas, tiene un largo recorrido como formadora, tanto para p\u00fablico infantil como adulto. Ha participado con art\u00edculos en revistas especializadas. Puedes conocer m\u00e1s en su blog:<br><a href=\"https:\/\/www.marbenegas.es\/blog\/\">https:\/\/www.marbenegas.es\/blog\/<\/a> <\/p>\n","protected":false},"excerpt":{"rendered":"<p>El pasado 9 de mayo Mar Benegas visit\u00f3 nuestro colegio y present\u00f3 su obra al alumnado de 2\u00ba y 3\u00ba de primaria. Mar es escritora y poeta. Especialista en Literatura Infantil y Juvenil y Poes\u00eda Infantil. Adem\u00e1s de un gran cat\u00e1logo de obras publicadas, tiene un largo recorrido como formadora, tanto para p\u00fablico infantil como [&hellip;]<\/p>\n","protected":false},"author":1,"featured_media":496,"parent":0,"menu_order":0,"comment_status":"closed","ping_status":"closed","template":"","meta":{"_genesis_hide_title":false,"_genesis_hide_breadcrumbs":false,"_genesis_hide_singular_image":false,"_genesis_hide_footer_widgets":false,"_genesis_custom_body_class":"","_genesis_custom_post_class":"","_genesis_layout":""},"_links":{"self":[{"href":"https:\/\/cpellago.educacion.navarra.es\/web\/wp-json\/wp\/v2\/pages\/495"}],"collection":[{"href":"https:\/\/cpellago.educacion.navarra.es\/web\/wp-json\/wp\/v2\/pages"}],"about":[{"href":"https:\/\/cpellago.educacion.navarra.es\/web\/wp-json\/wp\/v2\/types\/page"}],"author":[{"embeddable":true,"href":"https:\/\/cpellago.educacion.navarra.es\/web\/wp-json\/wp\/v2\/users\/1"}],"replies":[{"embeddable":true,"href":"https:\/\/cpellago.educacion.navarra.es\/web\/wp-json\/wp\/v2\/comments?post=495"}],"version-history":[{"count":1,"href":"https:\/\/cpellago.educacion.navarra.es\/web\/wp-json\/wp\/v2\/pages\/495\/revisions"}],"predecessor-version":[{"id":497,"href":"https:\/\/cpellago.educacion.navarra.es\/web\/wp-json\/wp\/v2\/pages\/495\/revisions\/497"}],"wp:featuredmedia":[{"embeddable":true,"href":"https:\/\/cpellago.educacion.navarra.es\/web\/wp-json\/wp\/v2\/media\/496"}],"wp:attachment":[{"href":"https:\/\/cpellago.educacion.navarra.es\/web\/wp-json\/wp\/v2\/media?parent=495"}],"curies":[{"name":"wp","href":"https:\/\/api.w.org\/{rel}","templated":true}]}}