{"id":516,"date":"2019-05-24T13:40:36","date_gmt":"2019-05-24T11:40:36","guid":{"rendered":"https:\/\/cpellago.educacion.navarra.es\/web\/?page_id=516"},"modified":"2019-05-24T13:40:37","modified_gmt":"2019-05-24T11:40:37","slug":"finaliza-la-campana-de-natacion","status":"publish","type":"page","link":"https:\/\/cpellago.educacion.navarra.es\/web\/finaliza-la-campana-de-natacion\/","title":{"rendered":"Finaliza la campa\u00f1a de nataci\u00f3n"},"content":{"rendered":"\n<p>El pr\u00f3ximo martes 28 de mayo finalizar\u00e1 la campa\u00f1a de nataci\u00f3n para nuestro alumnado de 2\u00ba y 3\u00ba de primaria. Han sido unas clases muy intensas y llenas de aventuras. El a\u00f1o que viene repetiremos en estos dos niveles de primaria (2\u00ba y 3\u00ba)<\/p>\n","protected":false},"excerpt":{"rendered":"<p>El pr\u00f3ximo martes 28 de mayo finalizar\u00e1 la campa\u00f1a de nataci\u00f3n para nuestro alumnado de 2\u00ba y 3\u00ba de primaria. Han sido unas clases muy intensas y llenas de aventuras. El a\u00f1o que viene repetiremos en estos dos niveles de primaria (2\u00ba y 3\u00ba)<\/p>\n","protected":false},"author":1,"featured_media":520,"parent":0,"menu_order":0,"comment_status":"closed","ping_status":"closed","template":"","meta":{"_genesis_hide_title":false,"_genesis_hide_breadcrumbs":false,"_genesis_hide_singular_image":false,"_genesis_hide_footer_widgets":false,"_genesis_custom_body_class":"","_genesis_custom_post_class":"","_genesis_layout":""},"_links":{"self":[{"href":"https:\/\/cpellago.educacion.navarra.es\/web\/wp-json\/wp\/v2\/pages\/516"}],"collection":[{"href":"https:\/\/cpellago.educacion.navarra.es\/web\/wp-json\/wp\/v2\/pages"}],"about":[{"href":"https:\/\/cpellago.educacion.navarra.es\/web\/wp-json\/wp\/v2\/types\/page"}],"author":[{"embeddable":true,"href":"https:\/\/cpellago.educacion.navarra.es\/web\/wp-json\/wp\/v2\/users\/1"}],"replies":[{"embeddable":true,"href":"https:\/\/cpellago.educacion.navarra.es\/web\/wp-json\/wp\/v2\/comments?post=516"}],"version-history":[{"count":1,"href":"https:\/\/cpellago.educacion.navarra.es\/web\/wp-json\/wp\/v2\/pages\/516\/revisions"}],"predecessor-version":[{"id":518,"href":"https:\/\/cpellago.educacion.navarra.es\/web\/wp-json\/wp\/v2\/pages\/516\/revisions\/518"}],"wp:featuredmedia":[{"embeddable":true,"href":"https:\/\/cpellago.educacion.navarra.es\/web\/wp-json\/wp\/v2\/media\/520"}],"wp:attachment":[{"href":"https:\/\/cpellago.educacion.navarra.es\/web\/wp-json\/wp\/v2\/media?parent=516"}],"curies":[{"name":"wp","href":"https:\/\/api.w.org\/{rel}","templated":true}]}}