{"id":569,"date":"2019-06-24T11:51:36","date_gmt":"2019-06-24T09:51:36","guid":{"rendered":"https:\/\/cpellago.educacion.navarra.es\/web\/?page_id=569"},"modified":"2019-06-24T11:51:37","modified_gmt":"2019-06-24T09:51:37","slug":"fiesta-despedida-del-alumnado-de-sexto","status":"publish","type":"page","link":"https:\/\/cpellago.educacion.navarra.es\/web\/fiesta-despedida-del-alumnado-de-sexto\/","title":{"rendered":"Fiesta despedida del alumnado de sexto"},"content":{"rendered":"\n<p>El pasado 21 de junio despedimos a la 18\u00aa promoci\u00f3n del colegio, adem\u00e1s quisimos homenajear a Emilia Delgado (de la Apyma), despu\u00e9s de su labor desinteresada durante estos 13 a\u00f1os. Mucha suerte a todos en vuestra nueva etapa.<\/p>\n\n\n\n<figure class=\"wp-block-image\"><img loading=\"lazy\" width=\"1024\" height=\"513\" src=\"https:\/\/cpellago.educacion.navarra.es\/web\/wp-content\/uploads\/2019\/06\/fotodesexto-1-1024x513.jpg\" alt=\"\" class=\"wp-image-571\" srcset=\"https:\/\/cpellago.educacion.navarra.es\/web\/wp-content\/uploads\/2019\/06\/fotodesexto-1-1024x513.jpg 1024w, https:\/\/cpellago.educacion.navarra.es\/web\/wp-content\/uploads\/2019\/06\/fotodesexto-1-300x150.jpg 300w, https:\/\/cpellago.educacion.navarra.es\/web\/wp-content\/uploads\/2019\/06\/fotodesexto-1-768x385.jpg 768w, https:\/\/cpellago.educacion.navarra.es\/web\/wp-content\/uploads\/2019\/06\/fotodesexto-1.jpg 1677w\" sizes=\"(max-width: 1024px) 100vw, 1024px\" \/><figcaption>XVIII PROMOCI\u00d3N<\/figcaption><\/figure>\n","protected":false},"excerpt":{"rendered":"<p>El pasado 21 de junio despedimos a la 18\u00aa promoci\u00f3n del colegio, adem\u00e1s quisimos homenajear a Emilia Delgado (de la Apyma), despu\u00e9s de su labor desinteresada durante estos 13 a\u00f1os. Mucha suerte a todos en vuestra nueva etapa.<\/p>\n","protected":false},"author":1,"featured_media":570,"parent":0,"menu_order":0,"comment_status":"closed","ping_status":"closed","template":"","meta":{"_genesis_hide_title":false,"_genesis_hide_breadcrumbs":false,"_genesis_hide_singular_image":false,"_genesis_hide_footer_widgets":false,"_genesis_custom_body_class":"","_genesis_custom_post_class":"","_genesis_layout":""},"_links":{"self":[{"href":"https:\/\/cpellago.educacion.navarra.es\/web\/wp-json\/wp\/v2\/pages\/569"}],"collection":[{"href":"https:\/\/cpellago.educacion.navarra.es\/web\/wp-json\/wp\/v2\/pages"}],"about":[{"href":"https:\/\/cpellago.educacion.navarra.es\/web\/wp-json\/wp\/v2\/types\/page"}],"author":[{"embeddable":true,"href":"https:\/\/cpellago.educacion.navarra.es\/web\/wp-json\/wp\/v2\/users\/1"}],"replies":[{"embeddable":true,"href":"https:\/\/cpellago.educacion.navarra.es\/web\/wp-json\/wp\/v2\/comments?post=569"}],"version-history":[{"count":1,"href":"https:\/\/cpellago.educacion.navarra.es\/web\/wp-json\/wp\/v2\/pages\/569\/revisions"}],"predecessor-version":[{"id":572,"href":"https:\/\/cpellago.educacion.navarra.es\/web\/wp-json\/wp\/v2\/pages\/569\/revisions\/572"}],"wp:featuredmedia":[{"embeddable":true,"href":"https:\/\/cpellago.educacion.navarra.es\/web\/wp-json\/wp\/v2\/media\/570"}],"wp:attachment":[{"href":"https:\/\/cpellago.educacion.navarra.es\/web\/wp-json\/wp\/v2\/media?parent=569"}],"curies":[{"name":"wp","href":"https:\/\/api.w.org\/{rel}","templated":true}]}}